{"id":11108,"date":"2018-04-18T07:42:36","date_gmt":"2018-04-18T07:42:36","guid":{"rendered":"https:\/\/gruppocft.tabloidcoop.it\/?page_id=11108"},"modified":"2018-05-21T08:28:53","modified_gmt":"2018-05-21T08:28:53","slug":"informativa-privacy","status":"publish","type":"page","link":"https:\/\/parcheggiovillacostanza.it\/it\/parcheggio-villa-costanza\/informativa-privacy\/","title":{"rendered":"INFORMATIVA PRIVACY"},"content":{"rendered":"<p>[vc_row][vc_column][vc_column_text]<span style=\"font-weight: 400;\">Si tratta di un\u2019informativa che \u00e8 resa anche ai sensi dell\u2019art. 13 del Regolamento Europeo UE 2016\/679 (GDPR) a coloro che interagiscono con i servizi web di www.parcheggiovillacostanza.it accessibili per via telematica.<\/span><\/p>\n<p><span style=\"font-weight: 400;\">L\u2019informativa \u00e8 resa solo per il suddetto sito e non anche per altri siti web eventualmente consultati dall\u2019utente tramite link.<\/span><span style=\"font-weight: 400;\"><br \/>\n<\/span><\/p>\n<p>&nbsp;<\/p>\n<p><span style=\"color: #07842b;\"><strong>1. IL \u201cTITOLARE\u201d DEL TRATTAMENTO<\/strong><\/span><b><br \/>\n<\/b><\/p>\n<p><span style=\"font-weight: 400;\">Il titolare del trattamento \u00e8\u00a0Unipark Societ\u00e0 Uninominale\u00a0viale Europa 63,\u00a0\u00a056021 Cascina (PI) C.F. \/P.Iva 01556010500<\/span><span style=\"font-weight: 400;\"><br \/>\n<\/span><\/p>\n<p>&nbsp;<\/p>\n<p><span style=\"color: #07842b;\"><strong>2. LUOGO DI TRATTAMENTO DEI DATI<\/strong><\/span><b><br \/>\n<\/b><\/p>\n<p><span style=\"font-weight: 400;\">I trattamenti connessi ai servizi web di questo sito hanno luogo presso la sede della Societ\u00e0 e sono curati solo da personale tecnico dell\u2019Ufficio nominato Incaricato del trattamento da parte del Titolare, oppure dai soggetti debitamente delegati dal Titolare allo svolgimento di occasionali operazioni di manutenzione. Nessun dato derivante dal servizio web viene diffuso.<\/span><span style=\"font-weight: 400;\"><br \/>\n<\/span><span style=\"font-weight: 400;\">I dati personali forniti dagli utenti che inoltrano richieste di invio di materiale informativo (es. newsletter, documenti, risposte a quesiti, preventivi e qualsiasi tipo di contatto telematico) sono utilizzati al solo fine di eseguire il servizio o soddisfare richiesta e sono comunicati a terzi nel solo caso in cui ci\u00f2 sia a tal fine necessario.<\/span><span style=\"font-weight: 400;\"><br \/>\n<\/span><\/p>\n<p>&nbsp;<\/p>\n<p><span style=\"color: #07842b;\"><strong>3. TIPI DI DATI TRATTATI<\/strong><\/span><\/p>\n<p>&nbsp;<\/p>\n<p><b><\/b><span style=\"color: #07842b;\"><strong>3.1 Dati di navigazione<\/strong><\/span><\/p>\n<p><span style=\"font-weight: 400;\">I sistemi informatici e le procedure software preposte al funzionamento di questo sito web acquisiscono, nel corso del loro normale esercizio, alcuni dati personali la cui trasmissione \u00e8 implicita nell\u2019uso dei protocolli di comunicazione di Internet.<\/span><span style=\"font-weight: 400;\"><br \/>\n<\/span><span style=\"font-weight: 400;\">Si tratta di informazioni che non sono raccolte per essere associate a interessati identificati, ma che per loro stessa natura potrebbero, attraverso elaborazioni ed associazioni con dati detenuti da terzi, permettere di identificare gli utenti.<\/span><span style=\"font-weight: 400;\"><br \/>\n<\/span><span style=\"font-weight: 400;\">In questa categoria di dati rientrano gli indirizzi IP o i nomi a dominio dei computer utilizzati dagli utenti che si connettono al sito, gli indirizzi in notazione URI (Uniform Resource Identifier) delle risorse richieste, l\u2019orario della richiesta, il metodo utilizzato nel sottoporre la richiesta al server, la dimensione del file ottenuto in risposta, il codice numerico indicante lo stato della risposta data dal server (buon fine, errore, ecc.) ed altri parametri relativi al sistema operativo e all\u2019ambiente informatico dell\u2019utente.<\/span><span style=\"font-weight: 400;\"><br \/>\n<\/span><span style=\"font-weight: 400;\">Questi dati vengono utilizzati al solo fine di ricavare informazioni statistiche anonime sull\u2019uso del sito e per controllarne il corretto funzionamento e vengono cancellati immediatamente dopo l\u2019elaborazione. I dati potrebbero essere utilizzati per l\u2019accertamento di responsabilit\u00e0 in caso di ipotetici reati informatici ai danni del sito: salva questa eventualit\u00e0, allo stato i dati sui contatti web non persistono per pi\u00f9 di sette giorni.<\/span><\/p>\n<p>&nbsp;<\/p>\n<p><span style=\"color: #07842b;\"><b>3.2 Dati forniti volontariamente dall\u2019utente<\/b><\/span><span style=\"font-weight: 400;\"><br \/>\n<\/span><\/p>\n<p><span style=\"font-weight: 400;\">L\u2019invio facoltativo, esplicito e volontario di posta elettronica agli indirizzi indicati su questo sito &#8211; invio contenente richieste, comunicazioni o altri dati personali spontaneamente comunicati &#8211; comporta la necessaria acquisizione di tali informazioni personali che verranno utilizzate al solo fine di provvedere a fornire una risposta e\/o a soddisfare la richiesta dell\u2019interlocutore, ove ci\u00f2 sia possibile.\u00a0<\/span><\/p>\n<p><span style=\"font-weight: 400;\">Specifiche informative verranno progressivamente riportate o visualizzate nelle pagine del sito predisposte per particolari servizi a richiesta.<\/span><span style=\"font-weight: 400;\"><br \/>\n<\/span><\/p>\n<p>&nbsp;<\/p>\n<p><span style=\"color: #07842b;\"><strong>4. FACOLTATIVITA\u2019 DEL CONFERIMENTO DEI DATI E TEMPI DI CONSERVAZIONE<\/strong><\/span><\/p>\n<p><span style=\"font-weight: 400;\">A parte quanto specificato per i dati di navigazione, l\u2019utente \u00e8 libero di fornire i dati personali indicati in contatti con l\u2019Ufficio per richiedere l\u2019invio di materiale informativo o di altre comunicazioni.<\/span><\/p>\n<p><span style=\"font-weight: 400;\">Il loro mancato conferimento pu\u00f2 comportare la sola impossibilit\u00e0 di ottenere il soddisfacimento della richiesta.<\/span><\/p>\n<p><span style=\"font-weight: 400;\">I dati personali saranno trattati solo per il tempo necessario al soddisfacimento della richiesta o per il periodo di attivazione del servizio. Pertanto, non potendo determinare con precisione il periodo di conservazione dei Suoi dati personali, \u00a0Srl Unipark si impegna fin da ora ad ispirare il trattamento dei Suoi dati personali ai principi di adeguatezza, pertinenza e minimizzazione dei dati, cos\u00ec come richiesto dal Regolamento Europeo, verificando annualmente la necessit\u00e0 della loro conservazione.<\/span><\/p>\n<p><span style=\"font-weight: 400;\">Trascorso tale termine e fatto salvo il caso in cui vi fosse necessit\u00e0 di mantenere tali dati per accertare, esercitare o difendere concretamente un diritto in sede giudiziaria, la Unipark Srl provveder\u00e0 a cancellare o a rendere anonimi i Suoi dati personali.<\/span><span style=\"font-weight: 400;\"><br \/>\n<\/span><\/p>\n<p>&nbsp;<\/p>\n<p><span style=\"color: #07842b;\"><strong>5. MODALIT\u00c0 DEL TRATTAMENTO<\/strong><\/span><b><br \/>\n<\/b><\/p>\n<p><span style=\"font-weight: 400;\">I dati personali sono trattati con strumenti automatizzati per il tempo strettamente necessario a conseguire gli scopi per cui sono stati raccolti. Specifiche misure di sicurezza sono osservate per prevenire la perdita dei dati, usi illeciti o non corretti ed accessi non autorizzati (accessi dotati di password, cifrature, firewall, etc).<\/span><span style=\"font-weight: 400;\"><br \/>\n<\/span><\/p>\n<p>&nbsp;<\/p>\n<p><span style=\"color: #07842b;\"><strong>6. DIRITTI DEGLI INTERESSATI<\/strong><\/span><b><br \/>\n<\/b><\/p>\n<p><span style=\"font-weight: 400;\">In relazione al trattamento dei Suoi dati personali, ai sensi del Regolamento Europeo, Ella in qualit\u00e0 di interessato ha il diritto di:<\/span><\/p>\n<p>revocare il Suo consenso al trattamento in qualsiasi momento. Occorre evidenziare, tuttavia, che la revoca del consenso non pregiudica la liceit\u00e0 del trattamento basata sul consenso prima della revoca, cos\u00ec come previsto dall\u2019art. 7, comma 3, del Regolamento Europeo;<\/p>\n<p><span style=\"font-weight: 400;\"> chiedere al Titolare del trattamento l\u2019accesso ai Suoi dati personali, cos\u00ec come previsto dall\u2019art. 15 del Regolamento Europeo;<\/span><\/p>\n<p><span style=\"font-weight: 400;\"> ottenere dal Titolare del trattamento la rettifica e l\u2019integrazione dei Suoi dati personali ritenuti inesatti, anche fornendo una semplice dichiarazione integrativa, cos\u00ec come previsto dall\u2019art. 16 del Regolamento Europeo;<\/span><\/p>\n<p><span style=\"font-weight: 400;\"> ottenere dal Titolare del trattamento la cancellazione dei Suoi dati personali qualora sussista anche solo uno dei motivi previsti dall\u2019art. 17 del Regolamento Europeo;<\/span><\/p>\n<p><span style=\"font-weight: 400;\"> ottenere dal Titolare del trattamento la limitazione del trattamento dei Suoi dati personali qualora ricorrano una delle ipotesi previste dall\u2019art. 18 del Regolamento Europeo;<\/span><\/p>\n<p><span style=\"font-weight: 400;\"> ricevere dal Titolare del trattamento i dati personali che La riguardano in un formato strutturato, di uso comune e leggibile da dispositivo automatico, nonch\u00e9 ha il diritto di trasmettere tali dati a un altro titolare del trattamento senza impedimenti, cos\u00ec come previsto dall\u2019art. 20 del Regolamento Europeo;<\/span><\/p>\n<p><span style=\"font-weight: 400;\"> opporsi in qualsiasi momento, per motivi connessi alla Sua situazione particolare, al trattamento dei Suoi dati personali svolto ai sensi dell\u2019art. 6, paragrafo 1, lettere e) o f), compresa la profilazione sulla base di tali disposizioni, cos\u00ec come previsto dall\u2019art. 21 del Regolamento Europeo;<\/span><\/p>\n<p><span style=\"font-weight: 400;\"> non essere sottoposto a decisioni basate unicamente sul trattamento automatizzato, compresa la profilazione, che producano effetti giuridici che La riguardino o che incidano significativamente sulla Sua persona, qualora non abbia preventivamente ed esplicitamente acconsentito, cos\u00ec come previsto dall\u2019art. 22 del Regolamento Europeo.<\/span><\/p>\n<p><span style=\"font-weight: 400;\">A mero titolo esemplificativo e non esaustivo, rientra in questa categoria qualsiasi forma di trattamento automatizzato di dati personali teso ad analizzare o prevedere aspetti riguardanti le scelte di consumo e di acquisto, la situazione economica, gli interessi, l\u2019affidabilit\u00e0, il comportamento;<\/span><\/p>\n<p><span style=\"font-weight: 400;\"> proporre reclamo ad un\u2019autorit\u00e0 di controllo, qualora ritenga che il trattamento che La riguarda violi il Regolamento Europeo. Il reclamo pu\u00f2 essere proposto nello Stato membro in cui risiede abitualmente, lavora oppure nel luogo ove si \u00e8 verificata la presunta violazione, cos\u00ec come previsto dall\u2019art. 77 del Regolamento Europeo.<\/span><\/p>\n<p><em>Le richieste vanno rivolte a info@uni-park.it oppure presso UNIPARK S.R.L. VIALE EUROPA 63 56100 CASCINA (PI)<\/em><\/p>\n<p><span style=\"font-weight: 400;\">Il presente documento, pubblicato all\u2019indirizzo www.parcheggiovillacostanza.it costituisce la \u201cPrivacy Policy\u201d di questo sito che potr\u00e0 comunque essere soggetta ad aggiornamenti senza preavviso.<\/span><\/p>\n<p><span style=\"color: #07842b;\"><strong>Ultimo aggiornamento 16 maggio 2018<\/strong><\/span>[\/vc_column_text][\/vc_column][\/vc_row]<\/p>\n","protected":false},"excerpt":{"rendered":"<p>[vc_row][vc_column][vc_column_text]Si tratta di un\u2019informativa che \u00e8 resa anche ai sensi dell\u2019art. 13 del Regolamento Europeo UE 2016\/679 (GDPR) a coloro&#8230;<\/p>\n","protected":false},"author":1,"featured_media":0,"parent":442,"menu_order":0,"comment_status":"closed","ping_status":"closed","template":"","meta":{"footnotes":""},"class_list":["post-11108","page","type-page","status-publish","hentry"],"yoast_head":"<!-- This site is optimized with the Yoast SEO plugin v27.5 - https:\/\/yoast.com\/product\/yoast-seo-wordpress\/ -->\n<title>INFORMATIVA PRIVACY &#8226; Parcheggio Villa Costanza<\/title>\n<meta name=\"robots\" content=\"index, follow, max-snippet:-1, max-image-preview:large, max-video-preview:-1\" \/>\n<link rel=\"canonical\" href=\"https:\/\/parcheggiovillacostanza.it\/it\/parcheggio-villa-costanza\/informativa-privacy\/\" \/>\n<meta property=\"og:locale\" content=\"it_IT\" \/>\n<meta property=\"og:type\" content=\"article\" \/>\n<meta property=\"og:title\" content=\"INFORMATIVA PRIVACY &#8226; Parcheggio Villa Costanza\" \/>\n<meta property=\"og:description\" content=\"[vc_row][vc_column][vc_column_text]Si tratta di un\u2019informativa che \u00e8 resa anche ai sensi dell\u2019art. 13 del Regolamento Europeo UE 2016\/679 (GDPR) a coloro...\" \/>\n<meta property=\"og:url\" content=\"https:\/\/parcheggiovillacostanza.it\/it\/parcheggio-villa-costanza\/informativa-privacy\/\" \/>\n<meta property=\"og:site_name\" content=\"Parcheggio Villa Costanza\" \/>\n<meta property=\"article:modified_time\" content=\"2018-05-21T08:28:53+00:00\" \/>\n<meta name=\"twitter:card\" content=\"summary_large_image\" \/>\n<meta name=\"twitter:label1\" content=\"Tempo di lettura stimato\" \/>\n\t<meta name=\"twitter:data1\" content=\"6 minuti\" \/>\n<script type=\"application\/ld+json\" class=\"yoast-schema-graph\">{\"@context\":\"https:\\\/\\\/schema.org\",\"@graph\":[{\"@type\":\"WebPage\",\"@id\":\"https:\\\/\\\/parcheggiovillacostanza.it\\\/it\\\/parcheggio-villa-costanza\\\/informativa-privacy\\\/\",\"url\":\"https:\\\/\\\/parcheggiovillacostanza.it\\\/it\\\/parcheggio-villa-costanza\\\/informativa-privacy\\\/\",\"name\":\"INFORMATIVA PRIVACY &#8226; Parcheggio Villa Costanza\",\"isPartOf\":{\"@id\":\"https:\\\/\\\/parcheggiovillacostanza.it\\\/it\\\/#website\"},\"datePublished\":\"2018-04-18T07:42:36+00:00\",\"dateModified\":\"2018-05-21T08:28:53+00:00\",\"breadcrumb\":{\"@id\":\"https:\\\/\\\/parcheggiovillacostanza.it\\\/it\\\/parcheggio-villa-costanza\\\/informativa-privacy\\\/#breadcrumb\"},\"inLanguage\":\"it-IT\",\"potentialAction\":[{\"@type\":\"ReadAction\",\"target\":[\"https:\\\/\\\/parcheggiovillacostanza.it\\\/it\\\/parcheggio-villa-costanza\\\/informativa-privacy\\\/\"]}]},{\"@type\":\"BreadcrumbList\",\"@id\":\"https:\\\/\\\/parcheggiovillacostanza.it\\\/it\\\/parcheggio-villa-costanza\\\/informativa-privacy\\\/#breadcrumb\",\"itemListElement\":[{\"@type\":\"ListItem\",\"position\":1,\"name\":\"Home\",\"item\":\"https:\\\/\\\/parcheggiovillacostanza.it\\\/it\\\/\"},{\"@type\":\"ListItem\",\"position\":2,\"name\":\"PARCHEGGIO VILLA COSTANZA\",\"item\":\"https:\\\/\\\/parcheggiovillacostanza.it\\\/it\\\/\"},{\"@type\":\"ListItem\",\"position\":3,\"name\":\"INFORMATIVA PRIVACY\"}]},{\"@type\":\"WebSite\",\"@id\":\"https:\\\/\\\/parcheggiovillacostanza.it\\\/it\\\/#website\",\"url\":\"https:\\\/\\\/parcheggiovillacostanza.it\\\/it\\\/\",\"name\":\"Parcheggio Villa Costanza\",\"description\":\"Il primo parcheggio &quot;drive &amp; tramway&quot; autostradale in Italia per raggiungere il centro di Firenze\",\"publisher\":{\"@id\":\"https:\\\/\\\/parcheggiovillacostanza.it\\\/it\\\/#organization\"},\"potentialAction\":[{\"@type\":\"SearchAction\",\"target\":{\"@type\":\"EntryPoint\",\"urlTemplate\":\"https:\\\/\\\/parcheggiovillacostanza.it\\\/it\\\/?s={search_term_string}\"},\"query-input\":{\"@type\":\"PropertyValueSpecification\",\"valueRequired\":true,\"valueName\":\"search_term_string\"}}],\"inLanguage\":\"it-IT\"},{\"@type\":\"Organization\",\"@id\":\"https:\\\/\\\/parcheggiovillacostanza.it\\\/it\\\/#organization\",\"name\":\"Parcheggio Villa Costanza\",\"url\":\"https:\\\/\\\/parcheggiovillacostanza.it\\\/it\\\/\",\"logo\":{\"@type\":\"ImageObject\",\"inLanguage\":\"it-IT\",\"@id\":\"https:\\\/\\\/parcheggiovillacostanza.it\\\/it\\\/#\\\/schema\\\/logo\\\/image\\\/\",\"url\":\"https:\\\/\\\/parcheggiovillacostanza.it\\\/wp-content\\\/uploads\\\/2018\\\/04\\\/LOGO-3x-new.png\",\"contentUrl\":\"https:\\\/\\\/parcheggiovillacostanza.it\\\/wp-content\\\/uploads\\\/2018\\\/04\\\/LOGO-3x-new.png\",\"width\":508,\"height\":140,\"caption\":\"Parcheggio Villa Costanza\"},\"image\":{\"@id\":\"https:\\\/\\\/parcheggiovillacostanza.it\\\/it\\\/#\\\/schema\\\/logo\\\/image\\\/\"}}]}<\/script>\n<!-- \/ Yoast SEO plugin. -->","yoast_head_json":{"title":"INFORMATIVA PRIVACY &#8226; Parcheggio Villa Costanza","robots":{"index":"index","follow":"follow","max-snippet":"max-snippet:-1","max-image-preview":"max-image-preview:large","max-video-preview":"max-video-preview:-1"},"canonical":"https:\/\/parcheggiovillacostanza.it\/it\/parcheggio-villa-costanza\/informativa-privacy\/","og_locale":"it_IT","og_type":"article","og_title":"INFORMATIVA PRIVACY &#8226; Parcheggio Villa Costanza","og_description":"[vc_row][vc_column][vc_column_text]Si tratta di un\u2019informativa che \u00e8 resa anche ai sensi dell\u2019art. 13 del Regolamento Europeo UE 2016\/679 (GDPR) a coloro...","og_url":"https:\/\/parcheggiovillacostanza.it\/it\/parcheggio-villa-costanza\/informativa-privacy\/","og_site_name":"Parcheggio Villa Costanza","article_modified_time":"2018-05-21T08:28:53+00:00","twitter_card":"summary_large_image","twitter_misc":{"Tempo di lettura stimato":"6 minuti"},"schema":{"@context":"https:\/\/schema.org","@graph":[{"@type":"WebPage","@id":"https:\/\/parcheggiovillacostanza.it\/it\/parcheggio-villa-costanza\/informativa-privacy\/","url":"https:\/\/parcheggiovillacostanza.it\/it\/parcheggio-villa-costanza\/informativa-privacy\/","name":"INFORMATIVA PRIVACY &#8226; Parcheggio Villa Costanza","isPartOf":{"@id":"https:\/\/parcheggiovillacostanza.it\/it\/#website"},"datePublished":"2018-04-18T07:42:36+00:00","dateModified":"2018-05-21T08:28:53+00:00","breadcrumb":{"@id":"https:\/\/parcheggiovillacostanza.it\/it\/parcheggio-villa-costanza\/informativa-privacy\/#breadcrumb"},"inLanguage":"it-IT","potentialAction":[{"@type":"ReadAction","target":["https:\/\/parcheggiovillacostanza.it\/it\/parcheggio-villa-costanza\/informativa-privacy\/"]}]},{"@type":"BreadcrumbList","@id":"https:\/\/parcheggiovillacostanza.it\/it\/parcheggio-villa-costanza\/informativa-privacy\/#breadcrumb","itemListElement":[{"@type":"ListItem","position":1,"name":"Home","item":"https:\/\/parcheggiovillacostanza.it\/it\/"},{"@type":"ListItem","position":2,"name":"PARCHEGGIO VILLA COSTANZA","item":"https:\/\/parcheggiovillacostanza.it\/it\/"},{"@type":"ListItem","position":3,"name":"INFORMATIVA PRIVACY"}]},{"@type":"WebSite","@id":"https:\/\/parcheggiovillacostanza.it\/it\/#website","url":"https:\/\/parcheggiovillacostanza.it\/it\/","name":"Parcheggio Villa Costanza","description":"Il primo parcheggio &quot;drive &amp; tramway&quot; autostradale in Italia per raggiungere il centro di Firenze","publisher":{"@id":"https:\/\/parcheggiovillacostanza.it\/it\/#organization"},"potentialAction":[{"@type":"SearchAction","target":{"@type":"EntryPoint","urlTemplate":"https:\/\/parcheggiovillacostanza.it\/it\/?s={search_term_string}"},"query-input":{"@type":"PropertyValueSpecification","valueRequired":true,"valueName":"search_term_string"}}],"inLanguage":"it-IT"},{"@type":"Organization","@id":"https:\/\/parcheggiovillacostanza.it\/it\/#organization","name":"Parcheggio Villa Costanza","url":"https:\/\/parcheggiovillacostanza.it\/it\/","logo":{"@type":"ImageObject","inLanguage":"it-IT","@id":"https:\/\/parcheggiovillacostanza.it\/it\/#\/schema\/logo\/image\/","url":"https:\/\/parcheggiovillacostanza.it\/wp-content\/uploads\/2018\/04\/LOGO-3x-new.png","contentUrl":"https:\/\/parcheggiovillacostanza.it\/wp-content\/uploads\/2018\/04\/LOGO-3x-new.png","width":508,"height":140,"caption":"Parcheggio Villa Costanza"},"image":{"@id":"https:\/\/parcheggiovillacostanza.it\/it\/#\/schema\/logo\/image\/"}}]}},"_links":{"self":[{"href":"https:\/\/parcheggiovillacostanza.it\/it\/wp-json\/wp\/v2\/pages\/11108","targetHints":{"allow":["GET"]}}],"collection":[{"href":"https:\/\/parcheggiovillacostanza.it\/it\/wp-json\/wp\/v2\/pages"}],"about":[{"href":"https:\/\/parcheggiovillacostanza.it\/it\/wp-json\/wp\/v2\/types\/page"}],"author":[{"embeddable":true,"href":"https:\/\/parcheggiovillacostanza.it\/it\/wp-json\/wp\/v2\/users\/1"}],"replies":[{"embeddable":true,"href":"https:\/\/parcheggiovillacostanza.it\/it\/wp-json\/wp\/v2\/comments?post=11108"}],"version-history":[{"count":21,"href":"https:\/\/parcheggiovillacostanza.it\/it\/wp-json\/wp\/v2\/pages\/11108\/revisions"}],"predecessor-version":[{"id":12504,"href":"https:\/\/parcheggiovillacostanza.it\/it\/wp-json\/wp\/v2\/pages\/11108\/revisions\/12504"}],"up":[{"embeddable":true,"href":"https:\/\/parcheggiovillacostanza.it\/it\/wp-json\/wp\/v2\/pages\/442"}],"wp:attachment":[{"href":"https:\/\/parcheggiovillacostanza.it\/it\/wp-json\/wp\/v2\/media?parent=11108"}],"curies":[{"name":"wp","href":"https:\/\/api.w.org\/{rel}","templated":true}]}}