{"id":11110,"date":"2018-04-18T07:48:58","date_gmt":"2018-04-18T07:48:58","guid":{"rendered":"https:\/\/gruppocft.tabloidcoop.it\/?page_id=11110"},"modified":"2018-05-21T08:41:58","modified_gmt":"2018-05-21T08:41:58","slug":"informativa-in-materia-di-cookie","status":"publish","type":"page","link":"https:\/\/parcheggiovillacostanza.it\/it\/parcheggio-villa-costanza\/informativa-in-materia-di-cookie\/","title":{"rendered":"INFORMATIVA IN MATERIA DI COOKIE"},"content":{"rendered":"<p>[vc_row][vc_column][vc_column_text]Informativa ai sensi dell\u2019art. 13 del Regolamento Europeo 679\/2016 in materia di trattamento e protezione dei dati personali. Con il presente documento, Unipark Societ\u00e0 Uninominale, viale Europa 63,\u00a0 56021 Cascina (PI), titolare del trattamento, fornisce agli utenti del sito web www.parcheggiovillacostanza.it alcune informazioni relative ai cookie utilizzati.<\/p>\n<p>&nbsp;<\/p>\n<p><span style=\"color: #07842b;\"><strong>COSA SONO I COOKIE<\/strong><\/span><b><br \/>\n<\/b><\/p>\n<p>Un \u201ccookie\u201d \u00e8 un piccolo file di testo creato sul computer dell\u2019utente al momento in cui questo accede ad un determinato sito, con lo scopo di immagazzinare e trasportare informazioni. I cookie sono inviati da un server web (che \u00e8 il computer sul quale \u00e8 in esecuzione il sito web visitato) al browser dell\u2019utente (Internet Explorer, Mozilla Firefox, Google Chrome, ecc.) e memorizzati sul computer di quest\u2019ultimo; vengono quindi re-inviati al sito web al momento delle visite successive. Nel corso della navigazione l\u2019utente potrebbe ricevere sul suo terminale anche cookie di siti diversi (c.d. cookies di \u201cterze parti\u201d), impostati direttamente dai gestori di detti siti web e utilizzati per le finalit\u00e0 e secondo le modalit\u00e0 da questi definiti.<\/p>\n<p><span style=\"font-weight: 400;\">\u00a0<\/span><\/p>\n<p><span style=\"color: #07842b;\"><strong>COOKIE UTILIZZATI NEL PRESENTE SITO<\/strong><\/span><b><br \/>\n<\/b><\/p>\n<p>Cookie del Titolare.<\/p>\n<p>Il sito utilizza solo cookie tecnici, rispetto ai quali, ai sensi del Provvedimento del Garante dell\u20198 maggio 2014, non \u00e8 richiesto alcun consenso da parte dell\u2019interessato.<\/p>\n<p>Pi\u00f9 precisamente il sito utilizza:<\/p>\n<p>\u2013 cookie tecnici strettamente necessari per consentire la navigazione da parte dell\u2019utente, in assenza dei quali il sito web non potrebbe funzionare correttamente;<\/p>\n<p>\u2013 cookie tecnici funzionali, che agevolano la navigazione dell\u2019utente, la cui disattivazione \u00e8 possibile tramite le modalit\u00e0 descritte e rese disponibili mediante le <span style=\"color: #07842b;\"><a style=\"color: #07842b;\" href=\"https:\/\/parcheggiovillacostanza.itimpostazioni-privacy\/\">impostazioni della privacy<\/a><\/span><\/p>\n<p>I nostro sistema setta in automatico una durata di conservazione dei cookie di 180 giorni.<\/p>\n<p><span style=\"font-weight: 400;\">\u00a0<\/span><\/p>\n<p><span style=\"color: #07842b;\"><strong>GOOGLE ANALYTICS<\/strong><\/span><\/p>\n<p>Il Sito utilizza Google Analytics. Si tratta di un servizio di analisi web fornito da Google Inc. (\u201cGoogle\u201d) che utilizza dei cookie che vengono depositati sul computer dell\u2019utente per consentire analisi statistiche in forma aggregata in ordine all\u2019utilizzo del sito web visitato.<\/p>\n<p>I Dati generati da Google Analytics sono conservati da Google cos\u00ec come indicato nell\u2019Informativa reperibile al seguente link:\u00a0<span style=\"color: #07842b;\"><a style=\"color: #07842b;\" href=\"https:\/\/developers.google.com\/analytics\/devguides\/collection\/analyticsjs\/cookie-usage\">https:\/\/developers.google.com\/analytics\/devguides\/collection\/analyticsjs\/cookie-usage<\/a><\/span><\/p>\n<p>Per consultare l\u2019informativa privacy della societ\u00e0 Google Inc., si rinvia al seguente sito Internet:\u00a0<span style=\"color: #07842b;\"><a style=\"color: #07842b;\" href=\"http:\/\/www.google.com\/intl\/en\/analytics\/privacyoverview.html\">http:\/\/www.google.com\/intl\/en\/analytics\/privacyoverview.html<\/a><\/span><\/p>\n<p>&nbsp;<\/p>\n<p><span style=\"color: #07842b;\"><strong>MODALIT\u00c0 DEL TRATTAMENTO<\/strong><\/span><\/p>\n<p>Il trattamento viene effettuato con strumenti automatizzati dal Titolare. Non viene effettuata alcuna diffusione o comunicazione.<\/p>\n<p>&nbsp;<\/p>\n<p><span style=\"color: #07842b;\"><strong>CONFERIMENTO DEI COOKIE<\/strong><\/span><b><br \/>\n<\/b><\/p>\n<p>Fatta eccezione per i cookie tecnici strettamente necessari alla normale navigazione, l\u2019interessato pu\u00f2 evitare l\u2019installazione dei cookie attraverso apposite funzioni disponibili sul proprio browser e nelle<span style=\"color: #07842b;\"><a style=\"color: #07842b;\" href=\"https:\/\/parcheggiovillacostanza.itimpostazioni-privacy\/\"> impostazioni privacy<\/a><\/span><\/p>\n<p><span style=\"font-weight: 400;\">\u00a0<\/span><\/p>\n<p><span style=\"color: #07842b;\"><strong>DISABILITAZIONE DEI COOKIE<\/strong><\/span><b><br \/>\n<\/b><\/p>\n<p>Fermo restando quanto sopra indicato in ordine ai cookie strettamente necessari alla navigazione, l\u2019utente pu\u00f2 eliminare gli altri cookie attraverso la funzionalit\u00e0 a tal fine messa a disposizione dal Titolare tramite la presente informativa oppure direttamente tramite il proprio browser.<\/p>\n<p>Ciascun browser presenta procedure diverse per la gestione delle impostazioni.<\/p>\n<p>L\u2019utente pu\u00f2 ottenere istruzioni specifiche attraverso i link sottostanti.<\/p>\n<p>\u2013 Microsoft Windows Explorer:\u00a0<a href=\"https:\/\/support.microsoft.com\/en-us\/help\/278835\/how-to-delete-cookie-files-in-internet-explorer\">https:\/\/support.microsoft.com\/en-us\/kb\/278835\/it<\/a><\/p>\n<p>\u2013 Google Chrome:\u00a0<a href=\"https:\/\/support.google.com\/accounts\/answer\/32050?hl=it\">https:\/\/support.google.com\/accounts\/answer\/32050?hl=it<\/a><\/p>\n<p>\u2013 Mozilla Firefox:\u00a0<a href=\"https:\/\/support.mozilla.org\/it\/kb\/Eliminare%20i%20cookie\">https:\/\/support.mozilla.org\/it\/kb\/Eliminare%20i%20cookie<\/a><\/p>\n<p>\u2013 Apple Safari:\u00a0<a href=\"https:\/\/support.apple.com\/it-it\/HT201265\">https:\/\/support.apple.com\/it-it\/HT201265<\/a><\/p>\n<p>La disattivazione dei cookie di terze parti \u00e8 inoltre possibile attraverso le modalit\u00e0 rese disponibili direttamente dalla societ\u00e0 terza titolare per detto trattamento.<\/p>\n<p>&nbsp;<\/p>\n<p><span style=\"color: #07842b;\"><strong>DIRITTI DEGLI INTERESSATI<\/strong><\/span><\/p>\n<p>I soggetti cui si riferiscono i dati personali, ai sensi e per gli effetti delle disposizioni del Regolamento Europeo 679\/2016 in materia di trattamento e protezione dei dati personali, hanno il diritto in qualunque momento di ottenere la conferma dell\u2019esistenza o meno dei medesimi dati e di conoscerne il contenuto e l\u2019origine, verificarne l\u2019esattezza ochiedere di integrarli, aggiornarli, oppure rettificarli. I soggetti cui si riferiscono i dati personali hanno inoltre il diritto di chiedere la cancellazione, la trasformazione in forma anonima o il blocco dei dati trattati in violazione di legge, nonch\u00e9 di opporsi in ogni caso, per motivi legittimi, al loro trattamento.<\/p>\n<p>Per esercitare i diritti di cui al Regolamento Europeo 679\/2016 in materia di trattamento e protezione dei dati personali, gli Interessati devono rivolgere le proprie richieste all\u2019indirizzo email info@gruppocft.tabloidcoop.it\u00a0oppure usando i form nel <a href=\"https:\/\/parcheggiovillacostanza.itprivacy-center\/\"><span style=\"color: #07842b;\">privacy center<\/span>.<\/a><\/p>\n<p>&nbsp;<\/p>\n<p><span style=\"color: #07842b;\"><strong>TITOLARE<\/strong><\/span><\/p>\n<p>Titolare dei trattamenti di dati personali \u00e8 Unipark Societ\u00e0 Uninominale.<\/p>\n<p>&nbsp;<\/p>\n<p><span style=\"color: #07842b;\"><strong>Ultimo aggiornamento 16 maggio 2018<\/strong><\/span>[\/vc_column_text][\/vc_column][\/vc_row]<\/p>\n","protected":false},"excerpt":{"rendered":"<p>[vc_row][vc_column][vc_column_text]Informativa ai sensi dell\u2019art. 13 del Regolamento Europeo 679\/2016 in materia di trattamento e protezione dei dati personali. Con il&#8230;<\/p>\n","protected":false},"author":1,"featured_media":0,"parent":442,"menu_order":0,"comment_status":"closed","ping_status":"closed","template":"","meta":{"footnotes":""},"class_list":["post-11110","page","type-page","status-publish","hentry"],"yoast_head":"<!-- This site is optimized with the Yoast SEO plugin v27.5 - https:\/\/yoast.com\/product\/yoast-seo-wordpress\/ -->\n<title>INFORMATIVA IN MATERIA DI COOKIE &#8226; Parcheggio Villa Costanza<\/title>\n<meta name=\"robots\" content=\"index, follow, max-snippet:-1, max-image-preview:large, max-video-preview:-1\" \/>\n<link rel=\"canonical\" href=\"https:\/\/parcheggiovillacostanza.it\/it\/parcheggio-villa-costanza\/informativa-in-materia-di-cookie\/\" \/>\n<meta property=\"og:locale\" content=\"it_IT\" \/>\n<meta property=\"og:type\" content=\"article\" \/>\n<meta property=\"og:title\" content=\"INFORMATIVA IN MATERIA DI COOKIE &#8226; Parcheggio Villa Costanza\" \/>\n<meta property=\"og:description\" content=\"[vc_row][vc_column][vc_column_text]Informativa ai sensi dell\u2019art. 13 del Regolamento Europeo 679\/2016 in materia di trattamento e protezione dei dati personali. Con il...\" \/>\n<meta property=\"og:url\" content=\"https:\/\/parcheggiovillacostanza.it\/it\/parcheggio-villa-costanza\/informativa-in-materia-di-cookie\/\" \/>\n<meta property=\"og:site_name\" content=\"Parcheggio Villa Costanza\" \/>\n<meta property=\"article:modified_time\" content=\"2018-05-21T08:41:58+00:00\" \/>\n<meta name=\"twitter:card\" content=\"summary_large_image\" \/>\n<meta name=\"twitter:label1\" content=\"Tempo di lettura stimato\" \/>\n\t<meta name=\"twitter:data1\" content=\"4 minuti\" \/>\n<script type=\"application\/ld+json\" class=\"yoast-schema-graph\">{\"@context\":\"https:\\\/\\\/schema.org\",\"@graph\":[{\"@type\":\"WebPage\",\"@id\":\"https:\\\/\\\/parcheggiovillacostanza.it\\\/it\\\/parcheggio-villa-costanza\\\/informativa-in-materia-di-cookie\\\/\",\"url\":\"https:\\\/\\\/parcheggiovillacostanza.it\\\/it\\\/parcheggio-villa-costanza\\\/informativa-in-materia-di-cookie\\\/\",\"name\":\"INFORMATIVA IN MATERIA DI COOKIE &#8226; Parcheggio Villa Costanza\",\"isPartOf\":{\"@id\":\"https:\\\/\\\/parcheggiovillacostanza.it\\\/it\\\/#website\"},\"datePublished\":\"2018-04-18T07:48:58+00:00\",\"dateModified\":\"2018-05-21T08:41:58+00:00\",\"breadcrumb\":{\"@id\":\"https:\\\/\\\/parcheggiovillacostanza.it\\\/it\\\/parcheggio-villa-costanza\\\/informativa-in-materia-di-cookie\\\/#breadcrumb\"},\"inLanguage\":\"it-IT\",\"potentialAction\":[{\"@type\":\"ReadAction\",\"target\":[\"https:\\\/\\\/parcheggiovillacostanza.it\\\/it\\\/parcheggio-villa-costanza\\\/informativa-in-materia-di-cookie\\\/\"]}]},{\"@type\":\"BreadcrumbList\",\"@id\":\"https:\\\/\\\/parcheggiovillacostanza.it\\\/it\\\/parcheggio-villa-costanza\\\/informativa-in-materia-di-cookie\\\/#breadcrumb\",\"itemListElement\":[{\"@type\":\"ListItem\",\"position\":1,\"name\":\"Home\",\"item\":\"https:\\\/\\\/parcheggiovillacostanza.it\\\/it\\\/\"},{\"@type\":\"ListItem\",\"position\":2,\"name\":\"PARCHEGGIO VILLA COSTANZA\",\"item\":\"https:\\\/\\\/parcheggiovillacostanza.it\\\/it\\\/\"},{\"@type\":\"ListItem\",\"position\":3,\"name\":\"INFORMATIVA IN MATERIA DI COOKIE\"}]},{\"@type\":\"WebSite\",\"@id\":\"https:\\\/\\\/parcheggiovillacostanza.it\\\/it\\\/#website\",\"url\":\"https:\\\/\\\/parcheggiovillacostanza.it\\\/it\\\/\",\"name\":\"Parcheggio Villa Costanza\",\"description\":\"Il primo parcheggio &quot;drive &amp; tramway&quot; autostradale in Italia per raggiungere il centro di Firenze\",\"publisher\":{\"@id\":\"https:\\\/\\\/parcheggiovillacostanza.it\\\/it\\\/#organization\"},\"potentialAction\":[{\"@type\":\"SearchAction\",\"target\":{\"@type\":\"EntryPoint\",\"urlTemplate\":\"https:\\\/\\\/parcheggiovillacostanza.it\\\/it\\\/?s={search_term_string}\"},\"query-input\":{\"@type\":\"PropertyValueSpecification\",\"valueRequired\":true,\"valueName\":\"search_term_string\"}}],\"inLanguage\":\"it-IT\"},{\"@type\":\"Organization\",\"@id\":\"https:\\\/\\\/parcheggiovillacostanza.it\\\/it\\\/#organization\",\"name\":\"Parcheggio Villa Costanza\",\"url\":\"https:\\\/\\\/parcheggiovillacostanza.it\\\/it\\\/\",\"logo\":{\"@type\":\"ImageObject\",\"inLanguage\":\"it-IT\",\"@id\":\"https:\\\/\\\/parcheggiovillacostanza.it\\\/it\\\/#\\\/schema\\\/logo\\\/image\\\/\",\"url\":\"https:\\\/\\\/parcheggiovillacostanza.it\\\/wp-content\\\/uploads\\\/2018\\\/04\\\/LOGO-3x-new.png\",\"contentUrl\":\"https:\\\/\\\/parcheggiovillacostanza.it\\\/wp-content\\\/uploads\\\/2018\\\/04\\\/LOGO-3x-new.png\",\"width\":508,\"height\":140,\"caption\":\"Parcheggio Villa Costanza\"},\"image\":{\"@id\":\"https:\\\/\\\/parcheggiovillacostanza.it\\\/it\\\/#\\\/schema\\\/logo\\\/image\\\/\"}}]}<\/script>\n<!-- \/ Yoast SEO plugin. -->","yoast_head_json":{"title":"INFORMATIVA IN MATERIA DI COOKIE &#8226; Parcheggio Villa Costanza","robots":{"index":"index","follow":"follow","max-snippet":"max-snippet:-1","max-image-preview":"max-image-preview:large","max-video-preview":"max-video-preview:-1"},"canonical":"https:\/\/parcheggiovillacostanza.it\/it\/parcheggio-villa-costanza\/informativa-in-materia-di-cookie\/","og_locale":"it_IT","og_type":"article","og_title":"INFORMATIVA IN MATERIA DI COOKIE &#8226; Parcheggio Villa Costanza","og_description":"[vc_row][vc_column][vc_column_text]Informativa ai sensi dell\u2019art. 13 del Regolamento Europeo 679\/2016 in materia di trattamento e protezione dei dati personali. Con il...","og_url":"https:\/\/parcheggiovillacostanza.it\/it\/parcheggio-villa-costanza\/informativa-in-materia-di-cookie\/","og_site_name":"Parcheggio Villa Costanza","article_modified_time":"2018-05-21T08:41:58+00:00","twitter_card":"summary_large_image","twitter_misc":{"Tempo di lettura stimato":"4 minuti"},"schema":{"@context":"https:\/\/schema.org","@graph":[{"@type":"WebPage","@id":"https:\/\/parcheggiovillacostanza.it\/it\/parcheggio-villa-costanza\/informativa-in-materia-di-cookie\/","url":"https:\/\/parcheggiovillacostanza.it\/it\/parcheggio-villa-costanza\/informativa-in-materia-di-cookie\/","name":"INFORMATIVA IN MATERIA DI COOKIE &#8226; Parcheggio Villa Costanza","isPartOf":{"@id":"https:\/\/parcheggiovillacostanza.it\/it\/#website"},"datePublished":"2018-04-18T07:48:58+00:00","dateModified":"2018-05-21T08:41:58+00:00","breadcrumb":{"@id":"https:\/\/parcheggiovillacostanza.it\/it\/parcheggio-villa-costanza\/informativa-in-materia-di-cookie\/#breadcrumb"},"inLanguage":"it-IT","potentialAction":[{"@type":"ReadAction","target":["https:\/\/parcheggiovillacostanza.it\/it\/parcheggio-villa-costanza\/informativa-in-materia-di-cookie\/"]}]},{"@type":"BreadcrumbList","@id":"https:\/\/parcheggiovillacostanza.it\/it\/parcheggio-villa-costanza\/informativa-in-materia-di-cookie\/#breadcrumb","itemListElement":[{"@type":"ListItem","position":1,"name":"Home","item":"https:\/\/parcheggiovillacostanza.it\/it\/"},{"@type":"ListItem","position":2,"name":"PARCHEGGIO VILLA COSTANZA","item":"https:\/\/parcheggiovillacostanza.it\/it\/"},{"@type":"ListItem","position":3,"name":"INFORMATIVA IN MATERIA DI COOKIE"}]},{"@type":"WebSite","@id":"https:\/\/parcheggiovillacostanza.it\/it\/#website","url":"https:\/\/parcheggiovillacostanza.it\/it\/","name":"Parcheggio Villa Costanza","description":"Il primo parcheggio &quot;drive &amp; tramway&quot; autostradale in Italia per raggiungere il centro di Firenze","publisher":{"@id":"https:\/\/parcheggiovillacostanza.it\/it\/#organization"},"potentialAction":[{"@type":"SearchAction","target":{"@type":"EntryPoint","urlTemplate":"https:\/\/parcheggiovillacostanza.it\/it\/?s={search_term_string}"},"query-input":{"@type":"PropertyValueSpecification","valueRequired":true,"valueName":"search_term_string"}}],"inLanguage":"it-IT"},{"@type":"Organization","@id":"https:\/\/parcheggiovillacostanza.it\/it\/#organization","name":"Parcheggio Villa Costanza","url":"https:\/\/parcheggiovillacostanza.it\/it\/","logo":{"@type":"ImageObject","inLanguage":"it-IT","@id":"https:\/\/parcheggiovillacostanza.it\/it\/#\/schema\/logo\/image\/","url":"https:\/\/parcheggiovillacostanza.it\/wp-content\/uploads\/2018\/04\/LOGO-3x-new.png","contentUrl":"https:\/\/parcheggiovillacostanza.it\/wp-content\/uploads\/2018\/04\/LOGO-3x-new.png","width":508,"height":140,"caption":"Parcheggio Villa Costanza"},"image":{"@id":"https:\/\/parcheggiovillacostanza.it\/it\/#\/schema\/logo\/image\/"}}]}},"_links":{"self":[{"href":"https:\/\/parcheggiovillacostanza.it\/it\/wp-json\/wp\/v2\/pages\/11110","targetHints":{"allow":["GET"]}}],"collection":[{"href":"https:\/\/parcheggiovillacostanza.it\/it\/wp-json\/wp\/v2\/pages"}],"about":[{"href":"https:\/\/parcheggiovillacostanza.it\/it\/wp-json\/wp\/v2\/types\/page"}],"author":[{"embeddable":true,"href":"https:\/\/parcheggiovillacostanza.it\/it\/wp-json\/wp\/v2\/users\/1"}],"replies":[{"embeddable":true,"href":"https:\/\/parcheggiovillacostanza.it\/it\/wp-json\/wp\/v2\/comments?post=11110"}],"version-history":[{"count":10,"href":"https:\/\/parcheggiovillacostanza.it\/it\/wp-json\/wp\/v2\/pages\/11110\/revisions"}],"predecessor-version":[{"id":12494,"href":"https:\/\/parcheggiovillacostanza.it\/it\/wp-json\/wp\/v2\/pages\/11110\/revisions\/12494"}],"up":[{"embeddable":true,"href":"https:\/\/parcheggiovillacostanza.it\/it\/wp-json\/wp\/v2\/pages\/442"}],"wp:attachment":[{"href":"https:\/\/parcheggiovillacostanza.it\/it\/wp-json\/wp\/v2\/media?parent=11110"}],"curies":[{"name":"wp","href":"https:\/\/api.w.org\/{rel}","templated":true}]}}