{"id":170,"date":"2017-06-09T10:45:38","date_gmt":"2017-06-09T10:45:38","guid":{"rendered":"https:\/\/gruppocft.tabloidcoop.it\/?page_id=170"},"modified":"2018-10-18T07:42:46","modified_gmt":"2018-10-18T07:42:46","slug":"il-regolamento","status":"publish","type":"page","link":"https:\/\/parcheggiovillacostanza.it\/it\/parcheggio-villa-costanza\/il-regolamento\/","title":{"rendered":"REGOLAMENTO DEL PARCHEGGIO"},"content":{"rendered":"<p>[vc_row][vc_column][vc_column_text]<\/p>\n<p style=\"text-align: justify;\">Il presente Regolamento disciplina l\u2019utilizzo del parcheggio per consentire la sosta ai veicoli dei Clienti alle seguenti condizioni:<\/p>\n<p style=\"text-align: justify;\">1) I veicoli ammessi al parcheggio sono esclusivamente: autoveicoli, autobus e camper; ai camper con altezza superiore ai 3,2 metri verr\u00e0 applicata la tariffa autobus.<\/p>\n<p style=\"text-align: justify;\">2) Il ritiro del tagliando, ovvero l\u2019utilizzo del sistema TELEPASS, in corrispondenza della barriera di ingresso del parcheggio e la sosta del veicolo comportano:<\/p>\n<ul>\n<li style=\"text-align: justify;\">a) l\u2019accettazione da parte del Cliente del presente regolamento;<\/li>\n<li style=\"text-align: justify;\">b) il perfezionamento del contratto di parcheggio avente per oggetto l\u2019utilizzo da parte del Cliente di uno stallo di sosta per parcheggiare il veicolo dietro pagamento di un corrispettivo calcolato con tariffe predeterminate.<\/li>\n<\/ul>\n<p style=\"text-align: justify;\">Il Cliente che non accetti le condizioni contrattuali pu\u00f2 uscire dal parcheggio entro 5 minuti successivi all&#8217;entrata inserendo il tagliando nell&#8217;apposita fessura presente sulla colonnina alla barriera di uscita, ovvero utilizzando il sistema TELEPASS. Per gli autobus il tempo \u00e8 di 3 minuti. Trascorso detto periodo \u00e8 tenuto al pagamento del corrispettivo dovuto.<\/p>\n<p style=\"text-align: justify;\">3) Le tariffe della sosta sono esposte all&#8217;ingresso e all&#8217;interno del parcheggio oltre che sul sito web www.parcheggiovillacostanza.it. Esse si intendono conosciute e accettate dal Cliente che ha introdotto il proprio veicolo nel parcheggio.<\/p>\n<p style=\"text-align: justify;\">Il Cliente disabile, possessore del CUDE (Contrassegno Unificato Disabile Europeo) o del CPD (Contrassegno Per Disabili) o della \u201cTessera Speciale Riservata\u201d, ha diritto a sostare negli appositi spazi di sosta delimitati dalle strisce gialle del parcheggio, nessuna \u00e8 la differenza sugli importi da pagare.<\/p>\n<p style=\"text-align: justify;\">4) Il pagamento del corrispettivo dovuto per la sosta deve essere effettuato presso le casse automatiche prima di ritirare il veicolo. Qualora il Cliente desideri richiedere la ricevuta relativa al corrispettivo pagato pu\u00f2 averla selezionando il tasto \u201cricevuta\u201d posto sullo schermo delle casse automatiche al momento del pagamento. L\u2019uscita dal parcheggio deve avvenire entro i 10 minuti successivi al pagamento del corrispettivo, trascorso detto periodo di tempo il Cliente dovr\u00e0 integrare il pagamento presso la cassa automatica.<\/p>\n<p style=\"text-align: justify;\">5) Il Cliente \u00e8 tenuto:<\/p>\n<ul>\n<li style=\"text-align: justify;\">a) a parcheggiare il veicolo, negli appositi stalli di sosta delimitati dalle strisce, con il freno a mano inserito, con tutte le serrature chiuse e con motore e fari spenti;<\/li>\n<li style=\"text-align: justify;\">b) ad ottemperare ad eventuali istruzioni o richieste del personale UNIPARK al fine di consentire l\u2019espletamento delle operazioni di parcheggio;<\/li>\n<li style=\"text-align: justify;\">c) ad utilizzare ogni stallo di sosta esclusivamente per il parcheggio di un veicolo, esclusi i camper che per motivi di ingombro possono occupare pi\u00f9 stalli. E\u2019 comunque vietata per camper ed autoveicoli la sosta e la fermata negli spazi relativi agli autobus;<\/li>\n<li style=\"text-align: justify;\">d) a rispettare la segnaletica interna al parcheggio e le norme del Codice della Strada che regolano la circolazione dei veicoli.<\/li>\n<\/ul>\n<p style=\"text-align: justify;\">In particolare ed a titolo esemplificativo \u00e8 vietato:<\/p>\n<ul>\n<li style=\"text-align: justify;\">a) procedere a velocit\u00e0 superiore a 5 Km orari;<\/li>\n<li style=\"text-align: justify;\">b) accendere fuochi o produrre scintille;<\/li>\n<li style=\"text-align: justify;\">c) parcheggiare veicoli non in regola con le norme che regolano la circolazione degli stessi;<\/li>\n<li style=\"text-align: justify;\">d) parcheggiare veicoli contenenti merci o sostanze pericolosi;<\/li>\n<li style=\"text-align: justify;\">e) parcheggiare al di fuori degli appositi spazi delimitati dalle strisce;<\/li>\n<li style=\"text-align: justify;\">f) accedere o sostare nelle aree o negli stalli per la sosta riservati agli autobus;<\/li>\n<li style=\"text-align: justify;\">g) parcheggiare i veicoli negli stalli relativi ai disabili senza esporre la tessera CUDE o CPD.<\/li>\n<\/ul>\n<p style=\"text-align: justify;\">6) Il tagliando costituisce l\u2019unico titolo utilizzabile per l\u2019uscita del veicolo dal parcheggio; in caso di entrata nel parcheggio senza che il tagliando sia stato emesso alla colonnina, il cliente \u00e8 tenuto ad avvisare il personale addetto utilizzando l\u2019apposito citofono presso le casse automatiche o alle colonnine di ingresso.<\/p>\n<p style=\"text-align: justify;\">7) In caso di smarrimento del tagliando o di suo deterioramento, tale da renderlo illeggibile, il Cliente dovr\u00e0 contattare il personale utilizzando l\u2019apposito citofono posto sulle casse automatiche, al fine di ricevere istruzioni necessarie alla ristampa dello stesso per il pagamento del corrispettivo della sosta.<\/p>\n<p style=\"text-align: justify;\">8) \u00c8 facolt\u00e0 della UNIPARK di esercitare il diritto di ritenzione (art. 2756 c.c.) sul veicolo parcheggiato all&#8217;interno del parcheggio, anche con mezzi di bloccaggio ruote, fino ad integrale pagamento del corrispettivo dovuto. In caso di mancato integrale pagamento del corrispettivo, \u00e8 in facolt\u00e0 della UNIPARK disporre del veicolo nelle forme di legge dalla stessa ritenute pi\u00f9 opportune.<\/p>\n<p style=\"text-align: justify;\">La UNIPARK non \u00e8 responsabile di eventuali danni o furti, anche parziali, subiti dal veicolo, dai suoi accessori, ovvero dalle cose in esso contenute, da qualunque causa essi siano stati determinati.<\/p>\n<p style=\"text-align: justify;\">9) \u00c8 facolt\u00e0, in ogni caso, della UNIPARK rimuovere i veicoli irregolarmente parcheggiati o la cui sosta non \u00e8 consentita in forza del presente regolamento, addebitando le spese di rimozione e di deposito al proprietario.<\/p>\n<p style=\"text-align: justify;\">11) L\u2019area del parcheggio \u00e8 soggetta a videosorveglianza, il tutto nel rispetto del D.Lgs 30 giugno 2003, n. 196 (Codice in materia di protezione dei dati personali).<\/p>\n<p>[\/vc_column_text][\/vc_column][\/vc_row]<\/p>\n","protected":false},"excerpt":{"rendered":"<p>[vc_row][vc_column][vc_column_text] Il presente Regolamento disciplina l\u2019utilizzo del parcheggio per consentire la sosta ai veicoli dei Clienti alle seguenti condizioni: 1)&#8230;<\/p>\n","protected":false},"author":1,"featured_media":0,"parent":442,"menu_order":0,"comment_status":"closed","ping_status":"closed","template":"","meta":{"footnotes":""},"class_list":["post-170","page","type-page","status-publish","hentry"],"yoast_head":"<!-- This site is optimized with the Yoast SEO plugin v27.5 - https:\/\/yoast.com\/product\/yoast-seo-wordpress\/ -->\n<title>REGOLAMENTO DEL PARCHEGGIO &#8226; Parcheggio Villa Costanza<\/title>\n<meta name=\"robots\" content=\"index, follow, max-snippet:-1, max-image-preview:large, max-video-preview:-1\" \/>\n<link rel=\"canonical\" href=\"https:\/\/parcheggiovillacostanza.it\/it\/parcheggio-villa-costanza\/il-regolamento\/\" \/>\n<meta property=\"og:locale\" content=\"it_IT\" \/>\n<meta property=\"og:type\" content=\"article\" \/>\n<meta property=\"og:title\" content=\"REGOLAMENTO DEL PARCHEGGIO &#8226; Parcheggio Villa Costanza\" \/>\n<meta property=\"og:description\" content=\"[vc_row][vc_column][vc_column_text] Il presente Regolamento disciplina l\u2019utilizzo del parcheggio per consentire la sosta ai veicoli dei Clienti alle seguenti condizioni: 1)...\" \/>\n<meta property=\"og:url\" content=\"https:\/\/parcheggiovillacostanza.it\/it\/parcheggio-villa-costanza\/il-regolamento\/\" \/>\n<meta property=\"og:site_name\" content=\"Parcheggio Villa Costanza\" \/>\n<meta property=\"article:modified_time\" content=\"2018-10-18T07:42:46+00:00\" \/>\n<meta name=\"twitter:card\" content=\"summary_large_image\" \/>\n<meta name=\"twitter:label1\" content=\"Tempo di lettura stimato\" \/>\n\t<meta name=\"twitter:data1\" content=\"4 minuti\" \/>\n<script type=\"application\/ld+json\" class=\"yoast-schema-graph\">{\"@context\":\"https:\\\/\\\/schema.org\",\"@graph\":[{\"@type\":\"WebPage\",\"@id\":\"https:\\\/\\\/parcheggiovillacostanza.it\\\/it\\\/parcheggio-villa-costanza\\\/il-regolamento\\\/\",\"url\":\"https:\\\/\\\/parcheggiovillacostanza.it\\\/it\\\/parcheggio-villa-costanza\\\/il-regolamento\\\/\",\"name\":\"REGOLAMENTO DEL PARCHEGGIO &#8226; Parcheggio Villa Costanza\",\"isPartOf\":{\"@id\":\"https:\\\/\\\/parcheggiovillacostanza.it\\\/it\\\/#website\"},\"datePublished\":\"2017-06-09T10:45:38+00:00\",\"dateModified\":\"2018-10-18T07:42:46+00:00\",\"breadcrumb\":{\"@id\":\"https:\\\/\\\/parcheggiovillacostanza.it\\\/it\\\/parcheggio-villa-costanza\\\/il-regolamento\\\/#breadcrumb\"},\"inLanguage\":\"it-IT\",\"potentialAction\":[{\"@type\":\"ReadAction\",\"target\":[\"https:\\\/\\\/parcheggiovillacostanza.it\\\/it\\\/parcheggio-villa-costanza\\\/il-regolamento\\\/\"]}]},{\"@type\":\"BreadcrumbList\",\"@id\":\"https:\\\/\\\/parcheggiovillacostanza.it\\\/it\\\/parcheggio-villa-costanza\\\/il-regolamento\\\/#breadcrumb\",\"itemListElement\":[{\"@type\":\"ListItem\",\"position\":1,\"name\":\"Home\",\"item\":\"https:\\\/\\\/parcheggiovillacostanza.it\\\/it\\\/\"},{\"@type\":\"ListItem\",\"position\":2,\"name\":\"PARCHEGGIO VILLA COSTANZA\",\"item\":\"https:\\\/\\\/parcheggiovillacostanza.it\\\/it\\\/\"},{\"@type\":\"ListItem\",\"position\":3,\"name\":\"REGOLAMENTO DEL PARCHEGGIO\"}]},{\"@type\":\"WebSite\",\"@id\":\"https:\\\/\\\/parcheggiovillacostanza.it\\\/it\\\/#website\",\"url\":\"https:\\\/\\\/parcheggiovillacostanza.it\\\/it\\\/\",\"name\":\"Parcheggio Villa Costanza\",\"description\":\"Il primo parcheggio &quot;drive &amp; tramway&quot; autostradale in Italia per raggiungere il centro di Firenze\",\"publisher\":{\"@id\":\"https:\\\/\\\/parcheggiovillacostanza.it\\\/it\\\/#organization\"},\"potentialAction\":[{\"@type\":\"SearchAction\",\"target\":{\"@type\":\"EntryPoint\",\"urlTemplate\":\"https:\\\/\\\/parcheggiovillacostanza.it\\\/it\\\/?s={search_term_string}\"},\"query-input\":{\"@type\":\"PropertyValueSpecification\",\"valueRequired\":true,\"valueName\":\"search_term_string\"}}],\"inLanguage\":\"it-IT\"},{\"@type\":\"Organization\",\"@id\":\"https:\\\/\\\/parcheggiovillacostanza.it\\\/it\\\/#organization\",\"name\":\"Parcheggio Villa Costanza\",\"url\":\"https:\\\/\\\/parcheggiovillacostanza.it\\\/it\\\/\",\"logo\":{\"@type\":\"ImageObject\",\"inLanguage\":\"it-IT\",\"@id\":\"https:\\\/\\\/parcheggiovillacostanza.it\\\/it\\\/#\\\/schema\\\/logo\\\/image\\\/\",\"url\":\"https:\\\/\\\/parcheggiovillacostanza.it\\\/wp-content\\\/uploads\\\/2018\\\/04\\\/LOGO-3x-new.png\",\"contentUrl\":\"https:\\\/\\\/parcheggiovillacostanza.it\\\/wp-content\\\/uploads\\\/2018\\\/04\\\/LOGO-3x-new.png\",\"width\":508,\"height\":140,\"caption\":\"Parcheggio Villa Costanza\"},\"image\":{\"@id\":\"https:\\\/\\\/parcheggiovillacostanza.it\\\/it\\\/#\\\/schema\\\/logo\\\/image\\\/\"}}]}<\/script>\n<!-- \/ Yoast SEO plugin. -->","yoast_head_json":{"title":"REGOLAMENTO DEL PARCHEGGIO &#8226; Parcheggio Villa Costanza","robots":{"index":"index","follow":"follow","max-snippet":"max-snippet:-1","max-image-preview":"max-image-preview:large","max-video-preview":"max-video-preview:-1"},"canonical":"https:\/\/parcheggiovillacostanza.it\/it\/parcheggio-villa-costanza\/il-regolamento\/","og_locale":"it_IT","og_type":"article","og_title":"REGOLAMENTO DEL PARCHEGGIO &#8226; Parcheggio Villa Costanza","og_description":"[vc_row][vc_column][vc_column_text] Il presente Regolamento disciplina l\u2019utilizzo del parcheggio per consentire la sosta ai veicoli dei Clienti alle seguenti condizioni: 1)...","og_url":"https:\/\/parcheggiovillacostanza.it\/it\/parcheggio-villa-costanza\/il-regolamento\/","og_site_name":"Parcheggio Villa Costanza","article_modified_time":"2018-10-18T07:42:46+00:00","twitter_card":"summary_large_image","twitter_misc":{"Tempo di lettura stimato":"4 minuti"},"schema":{"@context":"https:\/\/schema.org","@graph":[{"@type":"WebPage","@id":"https:\/\/parcheggiovillacostanza.it\/it\/parcheggio-villa-costanza\/il-regolamento\/","url":"https:\/\/parcheggiovillacostanza.it\/it\/parcheggio-villa-costanza\/il-regolamento\/","name":"REGOLAMENTO DEL PARCHEGGIO &#8226; Parcheggio Villa Costanza","isPartOf":{"@id":"https:\/\/parcheggiovillacostanza.it\/it\/#website"},"datePublished":"2017-06-09T10:45:38+00:00","dateModified":"2018-10-18T07:42:46+00:00","breadcrumb":{"@id":"https:\/\/parcheggiovillacostanza.it\/it\/parcheggio-villa-costanza\/il-regolamento\/#breadcrumb"},"inLanguage":"it-IT","potentialAction":[{"@type":"ReadAction","target":["https:\/\/parcheggiovillacostanza.it\/it\/parcheggio-villa-costanza\/il-regolamento\/"]}]},{"@type":"BreadcrumbList","@id":"https:\/\/parcheggiovillacostanza.it\/it\/parcheggio-villa-costanza\/il-regolamento\/#breadcrumb","itemListElement":[{"@type":"ListItem","position":1,"name":"Home","item":"https:\/\/parcheggiovillacostanza.it\/it\/"},{"@type":"ListItem","position":2,"name":"PARCHEGGIO VILLA COSTANZA","item":"https:\/\/parcheggiovillacostanza.it\/it\/"},{"@type":"ListItem","position":3,"name":"REGOLAMENTO DEL PARCHEGGIO"}]},{"@type":"WebSite","@id":"https:\/\/parcheggiovillacostanza.it\/it\/#website","url":"https:\/\/parcheggiovillacostanza.it\/it\/","name":"Parcheggio Villa Costanza","description":"Il primo parcheggio &quot;drive &amp; tramway&quot; autostradale in Italia per raggiungere il centro di Firenze","publisher":{"@id":"https:\/\/parcheggiovillacostanza.it\/it\/#organization"},"potentialAction":[{"@type":"SearchAction","target":{"@type":"EntryPoint","urlTemplate":"https:\/\/parcheggiovillacostanza.it\/it\/?s={search_term_string}"},"query-input":{"@type":"PropertyValueSpecification","valueRequired":true,"valueName":"search_term_string"}}],"inLanguage":"it-IT"},{"@type":"Organization","@id":"https:\/\/parcheggiovillacostanza.it\/it\/#organization","name":"Parcheggio Villa Costanza","url":"https:\/\/parcheggiovillacostanza.it\/it\/","logo":{"@type":"ImageObject","inLanguage":"it-IT","@id":"https:\/\/parcheggiovillacostanza.it\/it\/#\/schema\/logo\/image\/","url":"https:\/\/parcheggiovillacostanza.it\/wp-content\/uploads\/2018\/04\/LOGO-3x-new.png","contentUrl":"https:\/\/parcheggiovillacostanza.it\/wp-content\/uploads\/2018\/04\/LOGO-3x-new.png","width":508,"height":140,"caption":"Parcheggio Villa Costanza"},"image":{"@id":"https:\/\/parcheggiovillacostanza.it\/it\/#\/schema\/logo\/image\/"}}]}},"_links":{"self":[{"href":"https:\/\/parcheggiovillacostanza.it\/it\/wp-json\/wp\/v2\/pages\/170","targetHints":{"allow":["GET"]}}],"collection":[{"href":"https:\/\/parcheggiovillacostanza.it\/it\/wp-json\/wp\/v2\/pages"}],"about":[{"href":"https:\/\/parcheggiovillacostanza.it\/it\/wp-json\/wp\/v2\/types\/page"}],"author":[{"embeddable":true,"href":"https:\/\/parcheggiovillacostanza.it\/it\/wp-json\/wp\/v2\/users\/1"}],"replies":[{"embeddable":true,"href":"https:\/\/parcheggiovillacostanza.it\/it\/wp-json\/wp\/v2\/comments?post=170"}],"version-history":[{"count":7,"href":"https:\/\/parcheggiovillacostanza.it\/it\/wp-json\/wp\/v2\/pages\/170\/revisions"}],"predecessor-version":[{"id":12615,"href":"https:\/\/parcheggiovillacostanza.it\/it\/wp-json\/wp\/v2\/pages\/170\/revisions\/12615"}],"up":[{"embeddable":true,"href":"https:\/\/parcheggiovillacostanza.it\/it\/wp-json\/wp\/v2\/pages\/442"}],"wp:attachment":[{"href":"https:\/\/parcheggiovillacostanza.it\/it\/wp-json\/wp\/v2\/media?parent=170"}],"curies":[{"name":"wp","href":"https:\/\/api.w.org\/{rel}","templated":true}]}}