{"id":453,"date":"2018-04-10T17:45:38","date_gmt":"2018-04-10T17:45:38","guid":{"rendered":"https:\/\/gruppocft.tabloidcoop.it\/?page_id=453"},"modified":"2022-09-16T06:49:58","modified_gmt":"2022-09-16T06:49:58","slug":"abbonamenti","status":"publish","type":"page","link":"https:\/\/parcheggiovillacostanza.it\/it\/parcheggio-villa-costanza\/abbonamenti\/","title":{"rendered":"ABBONAMENTI"},"content":{"rendered":"<p>[vc_row][vc_column width=&#8221;1\/2&#8243;][vc_column_text css=&#8221;.vc_custom_1663310992298{margin-top: 8% !important;}&#8221;]<\/p>\n<p style=\"text-align: justify;\"><span style=\"font-weight: 400;\">Arriva, parcheggia, sosta, riparti.<\/span><\/p>\n<p style=\"text-align: justify;\"><span style=\"font-weight: 400;\">Villa Costanza \u00e8 ancora pi\u00f9 semplice e rapida se ti abboni.<\/span><\/p>\n<p style=\"text-align: justify;\"><span style=\"font-weight: 400;\">Scegli la formula pi\u00f9 adatta a te.<\/span><\/p>\n<p>\u00c8 possibile sottoscrivere gli abbonamenti <strong>mensili<\/strong> e <strong>settimanali<\/strong> presso le casse automatiche tutti i giorni, 24 ore su 24. Inserendo il <strong>biglietto<\/strong> <span class=\"\">prima di uscire o comunque dopo la prima ora di sosta gratuita <\/span>e premendo il tasto relativo all\u2019abbonamento desiderato. Il pagamento pu\u00f2 essere effettuato in contanti o con carta di credito. Presso l\u2019infopoint \u00e8 inoltre possibile sottoscrivere abbonamenti con data posticipata fino a 5 giorni.<\/p>\n<p style=\"text-align: justify;\"><span style=\"font-weight: 400;\">\u00c8 possibile inoltre sottoscrivere un abbonamento presso:<\/span><\/p>\n<ul>\n<li style=\"text-align: justify;\"><span style=\"font-weight: 400;\">l\u2019<strong>infopoint<\/strong> di Villa Costanza, all\u2019interno del bar-ristorante \u201cThe Florence Gate\u201d, <\/span><span style=\"font-weight: 400;\"><span class=\"\">aperto dalle 9:00 alle 14:00 il luned\u00ec, marted\u00ec, gioved\u00ec e venerd\u00ec.<\/span>\u00a0<span class=\"\">Il pagamento pu\u00f2 essere effettuato in contanti o con carte di credito<\/span><\/span><\/li>\n<\/ul>\n<p>Gli abbonamenti <strong>annuali<\/strong> sono sottoscrivibili\u00a0 presso l&#8217;infopoint.<\/p>\n<p><strong>NON \u00e8 possibile<\/strong> sottoscrivere abbonamenti tramite dispositivo Telepass, in caso di accesso con Telepass contattare la nostra assistenza tramite il tasto \u201cHelp\u201d presente alle casse automatiche.<\/p>\n<p>Contattaci per maggiori informazioni.[\/vc_column_text][\/vc_column][vc_column width=&#8221;1\/2&#8243;][vc_custom_heading text=&#8221;CONTATTI&#8221; font_container=&#8221;tag:h2|font_size:25|text_align:left|color:%2307842b&#8221; use_theme_fonts=&#8221;yes&#8221;][vc_column_text]<div class='fluentform ff-default fluentform_wrapper_5 ffs_default_wrap'><form data-form_id=\"5\" id=\"fluentform_5\" class=\"frm-fluent-form fluent_form_5 ff-el-form-top ff_form_instance_5_1 ff-form-loading ff_has_v3_recptcha ffs_default\" data-form_instance=\"ff_form_instance_5_1\" method=\"POST\" data-recptcha_key=\"6Ld2HX0cAAAAAKvgOoLeOoCsARNkLIAutkOjgbBV\" ><fieldset  style=\"border: none!important;margin: 0!important;padding: 0!important;background-color: transparent!important;box-shadow: none!important;outline: none!important; min-inline-size: 100%;\">\n                    <legend class=\"ff_screen_reader_title\" style=\"display: block; margin: 0!important;padding: 0!important;height: 0!important;text-indent: -999999px;width: 0!important;overflow:hidden;\">MODULO CONTATTI VILLA COSTANZA (#5)<\/legend>        <div\n                style=\"display: none!important; position: absolute!important; transform: translateX(1000%)!important;\"\n                class=\"ff-el-group ff-hpsf-container\"\n        >\n            <div class=\"ff-el-input--label asterisk-right\">\n                <label for=\"ff_5_item_sf\" aria-label=\"Notify\">\n                    Notify                <\/label>\n            <\/div>\n            <div class=\"ff-el-input--content\">\n                <input type=\"text\"\n                       name=\"item_5__fluent_sf\"\n                       class=\"ff-el-form-control\"\n                       id=\"ff_5_item_sf\"\n                \/>\n            <\/div>\n        <\/div>\n                <input type=\"hidden\" id=\"__fluent_protection_token_5\" class=\"fluent-form-token-field\" name=\"__fluent_protection_token_5\">\n        <input type='hidden' name='__fluent_form_embded_post_id' value='453' \/><input type=\"hidden\" id=\"_fluentform_5_fluentformnonce\" name=\"_fluentform_5_fluentformnonce\" value=\"fd0eb7d8a5\" \/><input type=\"hidden\" name=\"_wp_http_referer\" value=\"\/it\/wp-json\/wp\/v2\/pages\/453\" \/><div data-type=\"name-element\" data-name=\"names\" class=\" ff-field_container ff-name-field-wrapper\" ><div class='ff-t-container'><div class='ff-t-cell '><div class='ff-el-group  ff-el-form-top'><div class=\"ff-el-input--label ff-el-is-required asterisk-right\"><label for='ff_5_names_first_name_' id='label_ff_5_names_first_name_' >Nome<\/label><\/div><div class='ff-el-input--content'><input type=\"text\" name=\"names[first_name]\" id=\"ff_5_names_first_name_\" class=\"ff-el-form-control\" aria-invalid=\"false\" aria-required=true><\/div><\/div><\/div><div class='ff-t-cell '><div class='ff-el-group  ff-el-form-top'><div class=\"ff-el-input--label ff-el-is-required asterisk-right\"><label for='ff_5_names_last_name_' id='label_ff_5_names_last_name_' >Cognome<\/label><\/div><div class='ff-el-input--content'><input type=\"text\" name=\"names[last_name]\" id=\"ff_5_names_last_name_\" class=\"ff-el-form-control\" aria-invalid=\"false\" aria-required=true><\/div><\/div><\/div><\/div><\/div><div data-name=\"ff_cn_id_1\"  class='ff-t-container ff-column-container ff_columns_total_2 '><div class='ff-t-cell ff-t-column-1' style='flex-basis: 50%;'><div class='ff-el-group'><div class=\"ff-el-input--label ff-el-is-required asterisk-right\"><label for='ff_5_email' id='label_ff_5_email' aria-label=\"Email\">Email<\/label><\/div><div class='ff-el-input--content'><input type=\"email\" name=\"email\" id=\"ff_5_email\" class=\"ff-el-form-control\" data-name=\"email\"  aria-invalid=\"false\" aria-required=true><\/div><\/div><\/div><div class='ff-t-cell ff-t-column-2' style='flex-basis: 50%;'><div class='ff-el-group'><div class=\"ff-el-input--label asterisk-right\"><label for='ff_5_input_text' id='label_ff_5_input_text' aria-label=\"Numero di telefono\">Numero di telefono<\/label><\/div><div class='ff-el-input--content'><input type=\"text\" name=\"input_text\" class=\"ff-el-form-control\" data-name=\"input_text\" id=\"ff_5_input_text\"  aria-invalid=\"false\" aria-required=false><\/div><\/div><\/div><\/div><div class='ff-el-group'><div class=\"ff-el-input--label ff-el-is-required asterisk-right\"><label for='ff_5_description' id='label_ff_5_description' aria-label=\"Il tuo messaggio\">Il tuo messaggio<\/label><\/div><div class='ff-el-input--content'><textarea aria-required=\"true\" aria-labelledby=\"label_ff_5_description\" name=\"description\" id=\"ff_5_description\" class=\"ff-el-form-control\" rows=\"3\" cols=\"2\" data-name=\"description\" ><\/textarea><\/div><\/div><div class='ff-el-group  ff-custom_html' tabindex='-1' data-name=\"custom_html-5_1\" ><p>* Campi obbligatori<\/p><\/div><div class='ff-el-group    ff-el-input--content'><div class='ff-el-form-check ff-el-tc'><label aria-label='Autorizzo al trattamento dei dati personali*' class='ff-el-form-check-label ff_tc_label' for=gdpr-agreement_0b7c6d4e774416a91f798037c74d1ff5><span class='ff_tc_checkbox'><input type=\"checkbox\" name=\"gdpr-agreement\" class=\"ff-el-form-check-input ff_gdpr_field\" data-name=\"gdpr-agreement\" id=\"gdpr-agreement_0b7c6d4e774416a91f798037c74d1ff5\"  value='on' aria-invalid='false' aria-required=true><\/span> <div class='ff_t_c'>Autorizzo al trattamento dei dati personali*<\/div><\/label><\/div><\/div><div class='ff-el-group ff-text-left ff_submit_btn_wrapper ff_submit_btn_wrapper_custom'><button class=\"ff-btn ff-btn-submit ff-btn-md ff_btn_style wpf_has_custom_css\" type=\"submit\" name=\"custom_submit_button-5_2\" data-name=\"custom_submit_button-5_2\"  aria-label=\"Invia\">Invia<\/button><style>form.fluent_form_5 .wpf_has_custom_css.ff-btn-submit { background-color:rgba(7, 132, 43, 1);border-color:rgba(7, 132, 43, 1);color:#ffffff;min-width:100%; }form.fluent_form_5 .wpf_has_custom_css.ff-btn-submit:hover { background-color:#ffffff;border-color:rgba(7, 132, 43, 1);color:#07842B;min-width:100%; } <\/style><\/div><\/fieldset><\/form><div id='fluentform_5_errors' class='ff-errors-in-stack ff_form_instance_5_1 ff-form-loading_errors ff_form_instance_5_1_errors'><\/div><\/div>            <script type=\"text\/javascript\">\n                window.fluent_form_ff_form_instance_5_1 = {\"id\":\"5\",\"settings\":{\"layout\":{\"labelPlacement\":\"top\",\"helpMessagePlacement\":\"with_label\",\"errorMessagePlacement\":\"inline\",\"asteriskPlacement\":\"asterisk-right\"},\"restrictions\":{\"denyEmptySubmission\":{\"enabled\":false}}},\"form_instance\":\"ff_form_instance_5_1\",\"form_id_selector\":\"fluentform_5\",\"rules\":{\"names[first_name]\":{\"required\":{\"value\":true,\"message\":\"This field is required\"}},\"names[middle_name]\":{\"required\":{\"value\":false,\"message\":\"This field is required\"}},\"names[last_name]\":{\"required\":{\"value\":true,\"message\":\"This field is required\"}},\"email\":{\"required\":{\"value\":true,\"message\":\"This field is required\"},\"email\":{\"value\":true,\"message\":\"This field must contain a valid email\"}},\"input_text\":{\"required\":{\"value\":false,\"message\":\"This field is required\"}},\"description\":{\"required\":{\"value\":true,\"message\":\"This field is required\"}},\"gdpr-agreement\":{\"required\":{\"value\":true,\"message\":\"This field is required\"}},\"recaptcha\":[]},\"debounce_time\":300};\n                            <\/script>\n            [\/vc_column_text][\/vc_column][\/vc_row][vc_row full_width=&#8221;stretch_row_content&#8221; css=&#8221;.vc_custom_1524499755978{background-color: #e8ecef !important;}&#8221;][vc_column][vc_row_inner][vc_column_inner width=&#8221;1\/2&#8243;][vc_cta h2=&#8221;Abbonamenti auto&#8221; h2_font_container=&#8221;font_size:25|color:%2307842b&#8221; h2_use_theme_fonts=&#8221;yes&#8221; txt_align=&#8221;center&#8221; style=&#8221;flat&#8221; add_button=&#8221;bottom&#8221; btn_title=&#8221;Per abbonarsi&#8221; btn_style=&#8221;custom&#8221; btn_custom_background=&#8221;#07842b&#8221; btn_custom_text=&#8221;#ffffff&#8221; btn_align=&#8221;center&#8221; btn_i_icon_fontawesome=&#8221;fa fa-play&#8221; add_icon=&#8221;top&#8221; i_icon_fontawesome=&#8221;fa fa-car&#8221; i_color=&#8221;white&#8221; i_background_style=&#8221;rounded&#8221; i_background_color=&#8221;custom&#8221; i_size=&#8221;lg&#8221; css_animation=&#8221;none&#8221; use_custom_fonts_h2=&#8221;true&#8221; btn_add_icon=&#8221;true&#8221; i_on_border=&#8221;true&#8221; i_custom_background_color=&#8221;#07842b&#8221; btn_link=&#8221;url:https%3A%2F%2Fparcheggiovillacostanza.it%2Fabbonamenti%2F|||&#8221; css=&#8221;.vc_custom_1524499236292{background-color: #e8ecef !important;}&#8221;]<span style=\"color: #384554;\">7 giorni: <strong>20\u00a0\u20ac <\/strong><\/span><\/p>\n<p><span style=\"color: #384554;\">30 giorni: <strong>40\u00a0\u20ac <\/strong><\/span><\/p>\n<p><span style=\"color: #384554;\">un anno: <strong>200\u00a0\u20ac <\/strong><\/span>[\/vc_cta][\/vc_column_inner][vc_column_inner width=&#8221;1\/2&#8243;][vc_cta h2=&#8221;Abbonamenti bus turistici&#8221; h2_font_container=&#8221;font_size:25|color:%2307842b&#8221; h2_use_theme_fonts=&#8221;yes&#8221; txt_align=&#8221;center&#8221; style=&#8221;flat&#8221; add_button=&#8221;bottom&#8221; btn_title=&#8221;Per abbonarsi&#8221; btn_style=&#8221;custom&#8221; btn_custom_background=&#8221;#07842b&#8221; btn_custom_text=&#8221;#ffffff&#8221; btn_align=&#8221;center&#8221; btn_i_icon_fontawesome=&#8221;fa fa-play&#8221; add_icon=&#8221;top&#8221; i_icon_fontawesome=&#8221;fa fa-bus&#8221; i_color=&#8221;white&#8221; i_background_style=&#8221;rounded&#8221; i_background_color=&#8221;custom&#8221; i_size=&#8221;lg&#8221; use_custom_fonts_h2=&#8221;true&#8221; btn_add_icon=&#8221;true&#8221; i_on_border=&#8221;true&#8221; i_custom_background_color=&#8221;#07842b&#8221; btn_link=&#8221;url:https%3A%2F%2Fparcheggiovillacostanza.it%2Fabbonamenti%2F|||&#8221; css=&#8221;.vc_custom_1572174346648{background-color: #e8ecef !important;}&#8221;]<span style=\"color: #384554;\">30 ingressi da 24 ore ciascuno: <strong>1.200\u00a0\u20ac\u00a0<\/strong><\/span><\/p>\n<p><span style=\"color: #384554;\">50 ingressi x 24 ore ciascuno: <strong>1.750\u00a0\u20ac\u00a0<\/strong><\/span><\/p>\n<p><span style=\"color: #333333;\">un anno di ingressi illimitati da 24 ore ciascuno: <strong>25.000 \u20ac <\/strong><\/span>[\/vc_cta][\/vc_column_inner][\/vc_row_inner][\/vc_column][\/vc_row]<\/p>\n","protected":false},"excerpt":{"rendered":"<p>[vc_row][vc_column width=&#8221;1\/2&#8243;][vc_column_text css=&#8221;.vc_custom_1663310992298{margin-top: 8% !important;}&#8221;] Arriva, parcheggia, sosta, riparti. Villa Costanza \u00e8 ancora pi\u00f9 semplice e rapida se ti abboni&#8230;.<\/p>\n","protected":false},"author":1,"featured_media":0,"parent":442,"menu_order":0,"comment_status":"closed","ping_status":"closed","template":"","meta":{"footnotes":""},"class_list":["post-453","page","type-page","status-publish","hentry"],"yoast_head":"<!-- This site is optimized with the Yoast SEO plugin v27.3 - https:\/\/yoast.com\/product\/yoast-seo-wordpress\/ -->\n<title>ABBONAMENTI &#8226; Parcheggio Villa Costanza<\/title>\n<meta name=\"description\" content=\"Il servizio abbonamenti on line non \u00e8 attualmente attivo per ragioni tecniche. Per maggiori informazioni vi invitiamo a contattarci usando il modulo di contatto, oppure telefonando al numero 055.0750609.\" \/>\n<meta name=\"robots\" content=\"index, follow, max-snippet:-1, max-image-preview:large, max-video-preview:-1\" \/>\n<link rel=\"canonical\" href=\"https:\/\/parcheggiovillacostanza.it\/it\/parcheggio-villa-costanza\/abbonamenti\/\" \/>\n<meta property=\"og:locale\" content=\"it_IT\" \/>\n<meta property=\"og:type\" content=\"article\" \/>\n<meta property=\"og:title\" content=\"ABBONAMENTI &#8226; Parcheggio Villa Costanza\" \/>\n<meta property=\"og:description\" content=\"Il servizio abbonamenti on line non \u00e8 attualmente attivo per ragioni tecniche. Per maggiori informazioni vi invitiamo a contattarci usando il modulo di contatto, oppure telefonando al numero 055.0750609.\" \/>\n<meta property=\"og:url\" content=\"https:\/\/parcheggiovillacostanza.it\/it\/parcheggio-villa-costanza\/abbonamenti\/\" \/>\n<meta property=\"og:site_name\" content=\"Parcheggio Villa Costanza\" \/>\n<meta property=\"article:modified_time\" content=\"2022-09-16T06:49:58+00:00\" \/>\n<meta name=\"twitter:card\" content=\"summary_large_image\" \/>\n<meta name=\"twitter:label1\" content=\"Tempo di lettura stimato\" \/>\n\t<meta name=\"twitter:data1\" content=\"2 minuti\" \/>\n<script type=\"application\/ld+json\" class=\"yoast-schema-graph\">{\"@context\":\"https:\\\/\\\/schema.org\",\"@graph\":[{\"@type\":\"WebPage\",\"@id\":\"https:\\\/\\\/parcheggiovillacostanza.it\\\/it\\\/parcheggio-villa-costanza\\\/abbonamenti\\\/\",\"url\":\"https:\\\/\\\/parcheggiovillacostanza.it\\\/it\\\/parcheggio-villa-costanza\\\/abbonamenti\\\/\",\"name\":\"ABBONAMENTI &#8226; Parcheggio Villa Costanza\",\"isPartOf\":{\"@id\":\"https:\\\/\\\/parcheggiovillacostanza.it\\\/it\\\/#website\"},\"datePublished\":\"2018-04-10T17:45:38+00:00\",\"dateModified\":\"2022-09-16T06:49:58+00:00\",\"description\":\"Il servizio abbonamenti on line non \u00e8 attualmente attivo per ragioni tecniche. Per maggiori informazioni vi invitiamo a contattarci usando il modulo di contatto, oppure telefonando al numero 055.0750609.\",\"breadcrumb\":{\"@id\":\"https:\\\/\\\/parcheggiovillacostanza.it\\\/it\\\/parcheggio-villa-costanza\\\/abbonamenti\\\/#breadcrumb\"},\"inLanguage\":\"it-IT\",\"potentialAction\":[{\"@type\":\"ReadAction\",\"target\":[\"https:\\\/\\\/parcheggiovillacostanza.it\\\/it\\\/parcheggio-villa-costanza\\\/abbonamenti\\\/\"]}]},{\"@type\":\"BreadcrumbList\",\"@id\":\"https:\\\/\\\/parcheggiovillacostanza.it\\\/it\\\/parcheggio-villa-costanza\\\/abbonamenti\\\/#breadcrumb\",\"itemListElement\":[{\"@type\":\"ListItem\",\"position\":1,\"name\":\"Home\",\"item\":\"https:\\\/\\\/parcheggiovillacostanza.it\\\/it\\\/\"},{\"@type\":\"ListItem\",\"position\":2,\"name\":\"PARCHEGGIO VILLA COSTANZA\",\"item\":\"https:\\\/\\\/parcheggiovillacostanza.it\\\/it\\\/\"},{\"@type\":\"ListItem\",\"position\":3,\"name\":\"ABBONAMENTI\"}]},{\"@type\":\"WebSite\",\"@id\":\"https:\\\/\\\/parcheggiovillacostanza.it\\\/it\\\/#website\",\"url\":\"https:\\\/\\\/parcheggiovillacostanza.it\\\/it\\\/\",\"name\":\"Parcheggio Villa Costanza\",\"description\":\"Il primo parcheggio &quot;drive &amp; tramway&quot; autostradale in Italia per raggiungere il centro di Firenze\",\"publisher\":{\"@id\":\"https:\\\/\\\/parcheggiovillacostanza.it\\\/it\\\/#organization\"},\"potentialAction\":[{\"@type\":\"SearchAction\",\"target\":{\"@type\":\"EntryPoint\",\"urlTemplate\":\"https:\\\/\\\/parcheggiovillacostanza.it\\\/it\\\/?s={search_term_string}\"},\"query-input\":{\"@type\":\"PropertyValueSpecification\",\"valueRequired\":true,\"valueName\":\"search_term_string\"}}],\"inLanguage\":\"it-IT\"},{\"@type\":\"Organization\",\"@id\":\"https:\\\/\\\/parcheggiovillacostanza.it\\\/it\\\/#organization\",\"name\":\"Parcheggio Villa Costanza\",\"url\":\"https:\\\/\\\/parcheggiovillacostanza.it\\\/it\\\/\",\"logo\":{\"@type\":\"ImageObject\",\"inLanguage\":\"it-IT\",\"@id\":\"https:\\\/\\\/parcheggiovillacostanza.it\\\/it\\\/#\\\/schema\\\/logo\\\/image\\\/\",\"url\":\"https:\\\/\\\/parcheggiovillacostanza.it\\\/wp-content\\\/uploads\\\/2018\\\/04\\\/LOGO-3x-new.png\",\"contentUrl\":\"https:\\\/\\\/parcheggiovillacostanza.it\\\/wp-content\\\/uploads\\\/2018\\\/04\\\/LOGO-3x-new.png\",\"width\":508,\"height\":140,\"caption\":\"Parcheggio Villa Costanza\"},\"image\":{\"@id\":\"https:\\\/\\\/parcheggiovillacostanza.it\\\/it\\\/#\\\/schema\\\/logo\\\/image\\\/\"}}]}<\/script>\n<!-- \/ Yoast SEO plugin. -->","yoast_head_json":{"title":"ABBONAMENTI &#8226; Parcheggio Villa Costanza","description":"Il servizio abbonamenti on line non \u00e8 attualmente attivo per ragioni tecniche. Per maggiori informazioni vi invitiamo a contattarci usando il modulo di contatto, oppure telefonando al numero 055.0750609.","robots":{"index":"index","follow":"follow","max-snippet":"max-snippet:-1","max-image-preview":"max-image-preview:large","max-video-preview":"max-video-preview:-1"},"canonical":"https:\/\/parcheggiovillacostanza.it\/it\/parcheggio-villa-costanza\/abbonamenti\/","og_locale":"it_IT","og_type":"article","og_title":"ABBONAMENTI &#8226; Parcheggio Villa Costanza","og_description":"Il servizio abbonamenti on line non \u00e8 attualmente attivo per ragioni tecniche. Per maggiori informazioni vi invitiamo a contattarci usando il modulo di contatto, oppure telefonando al numero 055.0750609.","og_url":"https:\/\/parcheggiovillacostanza.it\/it\/parcheggio-villa-costanza\/abbonamenti\/","og_site_name":"Parcheggio Villa Costanza","article_modified_time":"2022-09-16T06:49:58+00:00","twitter_card":"summary_large_image","twitter_misc":{"Tempo di lettura stimato":"2 minuti"},"schema":{"@context":"https:\/\/schema.org","@graph":[{"@type":"WebPage","@id":"https:\/\/parcheggiovillacostanza.it\/it\/parcheggio-villa-costanza\/abbonamenti\/","url":"https:\/\/parcheggiovillacostanza.it\/it\/parcheggio-villa-costanza\/abbonamenti\/","name":"ABBONAMENTI &#8226; Parcheggio Villa Costanza","isPartOf":{"@id":"https:\/\/parcheggiovillacostanza.it\/it\/#website"},"datePublished":"2018-04-10T17:45:38+00:00","dateModified":"2022-09-16T06:49:58+00:00","description":"Il servizio abbonamenti on line non \u00e8 attualmente attivo per ragioni tecniche. Per maggiori informazioni vi invitiamo a contattarci usando il modulo di contatto, oppure telefonando al numero 055.0750609.","breadcrumb":{"@id":"https:\/\/parcheggiovillacostanza.it\/it\/parcheggio-villa-costanza\/abbonamenti\/#breadcrumb"},"inLanguage":"it-IT","potentialAction":[{"@type":"ReadAction","target":["https:\/\/parcheggiovillacostanza.it\/it\/parcheggio-villa-costanza\/abbonamenti\/"]}]},{"@type":"BreadcrumbList","@id":"https:\/\/parcheggiovillacostanza.it\/it\/parcheggio-villa-costanza\/abbonamenti\/#breadcrumb","itemListElement":[{"@type":"ListItem","position":1,"name":"Home","item":"https:\/\/parcheggiovillacostanza.it\/it\/"},{"@type":"ListItem","position":2,"name":"PARCHEGGIO VILLA COSTANZA","item":"https:\/\/parcheggiovillacostanza.it\/it\/"},{"@type":"ListItem","position":3,"name":"ABBONAMENTI"}]},{"@type":"WebSite","@id":"https:\/\/parcheggiovillacostanza.it\/it\/#website","url":"https:\/\/parcheggiovillacostanza.it\/it\/","name":"Parcheggio Villa Costanza","description":"Il primo parcheggio &quot;drive &amp; tramway&quot; autostradale in Italia per raggiungere il centro di Firenze","publisher":{"@id":"https:\/\/parcheggiovillacostanza.it\/it\/#organization"},"potentialAction":[{"@type":"SearchAction","target":{"@type":"EntryPoint","urlTemplate":"https:\/\/parcheggiovillacostanza.it\/it\/?s={search_term_string}"},"query-input":{"@type":"PropertyValueSpecification","valueRequired":true,"valueName":"search_term_string"}}],"inLanguage":"it-IT"},{"@type":"Organization","@id":"https:\/\/parcheggiovillacostanza.it\/it\/#organization","name":"Parcheggio Villa Costanza","url":"https:\/\/parcheggiovillacostanza.it\/it\/","logo":{"@type":"ImageObject","inLanguage":"it-IT","@id":"https:\/\/parcheggiovillacostanza.it\/it\/#\/schema\/logo\/image\/","url":"https:\/\/parcheggiovillacostanza.it\/wp-content\/uploads\/2018\/04\/LOGO-3x-new.png","contentUrl":"https:\/\/parcheggiovillacostanza.it\/wp-content\/uploads\/2018\/04\/LOGO-3x-new.png","width":508,"height":140,"caption":"Parcheggio Villa Costanza"},"image":{"@id":"https:\/\/parcheggiovillacostanza.it\/it\/#\/schema\/logo\/image\/"}}]}},"_links":{"self":[{"href":"https:\/\/parcheggiovillacostanza.it\/it\/wp-json\/wp\/v2\/pages\/453","targetHints":{"allow":["GET"]}}],"collection":[{"href":"https:\/\/parcheggiovillacostanza.it\/it\/wp-json\/wp\/v2\/pages"}],"about":[{"href":"https:\/\/parcheggiovillacostanza.it\/it\/wp-json\/wp\/v2\/types\/page"}],"author":[{"embeddable":true,"href":"https:\/\/parcheggiovillacostanza.it\/it\/wp-json\/wp\/v2\/users\/1"}],"replies":[{"embeddable":true,"href":"https:\/\/parcheggiovillacostanza.it\/it\/wp-json\/wp\/v2\/comments?post=453"}],"version-history":[{"count":17,"href":"https:\/\/parcheggiovillacostanza.it\/it\/wp-json\/wp\/v2\/pages\/453\/revisions"}],"predecessor-version":[{"id":13075,"href":"https:\/\/parcheggiovillacostanza.it\/it\/wp-json\/wp\/v2\/pages\/453\/revisions\/13075"}],"up":[{"embeddable":true,"href":"https:\/\/parcheggiovillacostanza.it\/it\/wp-json\/wp\/v2\/pages\/442"}],"wp:attachment":[{"href":"https:\/\/parcheggiovillacostanza.it\/it\/wp-json\/wp\/v2\/media?parent=453"}],"curies":[{"name":"wp","href":"https:\/\/api.w.org\/{rel}","templated":true}]}}